{"id":19,"date":"2026-02-13T13:14:59","date_gmt":"2026-02-13T13:14:59","guid":{"rendered":"https:\/\/albertinavazquez.com.ar\/?page_id=19"},"modified":"2026-04-17T18:20:37","modified_gmt":"2026-04-17T18:20:37","slug":"inicio","status":"publish","type":"page","link":"https:\/\/albertinavazquez.com.ar\/","title":{"rendered":"Inicio"},"content":{"rendered":"<p class=\"p1\"><b>La Vida en Expansi\u00f3n<\/b><\/p>\n<p class=\"p1\"><b>Entrenar la vida en expansi\u00f3n<\/b><\/p>\n<p><img fetchpriority=\"high\" decoding=\"async\" src=\"https:\/\/albertinavazquez.com.ar\/wp-content\/uploads\/2026\/02\/Sin-titulo-1000-x-400-px-1000-x-300-px.png\" sizes=\"(max-width: 600px) 100vw, 600px\" srcset=\"https:\/\/albertinavazquez.com.ar\/wp-content\/uploads\/2026\/02\/Sin-titulo-1000-x-400-px-1000-x-300-px.png 600w, https:\/\/albertinavazquez.com.ar\/wp-content\/uploads\/2026\/02\/Sin-titulo-1000-x-400-px-1000-x-300-px-300x90.png 300w\" alt=\"\" width=\"600\" height=\"180\" \/><\/p>\n<p class=\"p1\">Entrenamiento emocional basado en neurociencia, conciencia psicol\u00f3gica y pr\u00e1cticas de atenci\u00f3n.<\/p>\n<p class=\"p1\">El m\u00e9todo La Vida en Expansi\u00f3n se aplica en distintos formatos de entrenamiento adaptados a las necesidades de cada persona, equipo u organizaci\u00f3n.<\/p>\n<p>&nbsp;<\/p>\n<p><a href=\"#contacto\"><br \/>\nVen\u00ed a entrenar<br \/>\n<\/a><\/p>\n","protected":false},"excerpt":{"rendered":"<p>La Vida en Expansi\u00f3n Entrenar la vida en expansi\u00f3n Entrenamiento emocional basado en neurociencia, conciencia psicol\u00f3gica y pr\u00e1cticas de atenci\u00f3n. [&hellip;]<\/p>\n","protected":false},"author":1,"featured_media":0,"parent":0,"menu_order":0,"comment_status":"closed","ping_status":"closed","template":"elementor_canvas","meta":{"site-sidebar-layout":"no-sidebar","site-content-layout":"plain-container","ast-site-content-layout":"full-width-container","site-content-style":"default","site-sidebar-style":"default","ast-global-header-display":"","ast-banner-title-visibility":"","ast-main-header-display":"","ast-hfb-above-header-display":"","ast-hfb-below-header-display":"","ast-hfb-mobile-header-display":"","site-post-title":"","ast-breadcrumbs-content":"","ast-featured-img":"disabled","footer-sml-layout":"","ast-disable-related-posts":"","theme-transparent-header-meta":"enabled","adv-header-id-meta":"","stick-header-meta":"","header-above-stick-meta":"","header-main-stick-meta":"","header-below-stick-meta":"","astra-migrate-meta-layouts":"default","ast-page-background-enabled":"default","ast-page-background-meta":{"desktop":{"background-color":"var(--ast-global-color-5)","background-image":"","background-repeat":"repeat","background-position":"center center","background-size":"auto","background-attachment":"scroll","background-type":"","background-media":"","overlay-type":"","overlay-color":"","overlay-opacity":"","overlay-gradient":""},"tablet":{"background-color":"","background-image":"","background-repeat":"repeat","background-position":"center center","background-size":"auto","background-attachment":"scroll","background-type":"","background-media":"","overlay-type":"","overlay-color":"","overlay-opacity":"","overlay-gradient":""},"mobile":{"background-color":"","background-image":"","background-repeat":"repeat","background-position":"center center","background-size":"auto","background-attachment":"scroll","background-type":"","background-media":"","overlay-type":"","overlay-color":"","overlay-opacity":"","overlay-gradient":""}},"ast-content-background-meta":{"desktop":{"background-color":"var(--ast-global-color-4)","background-image":"","background-repeat":"repeat","background-position":"center center","background-size":"auto","background-attachment":"scroll","background-type":"","background-media":"","overlay-type":"","overlay-color":"","overlay-opacity":"","overlay-gradient":""},"tablet":{"background-color":"var(--ast-global-color-4)","background-image":"","background-repeat":"repeat","background-position":"center center","background-size":"auto","background-attachment":"scroll","background-type":"","background-media":"","overlay-type":"","overlay-color":"","overlay-opacity":"","overlay-gradient":""},"mobile":{"background-color":"var(--ast-global-color-4)","background-image":"","background-repeat":"repeat","background-position":"center center","background-size":"auto","background-attachment":"scroll","background-type":"","background-media":"","overlay-type":"","overlay-color":"","overlay-opacity":"","overlay-gradient":""}},"footnotes":""},"class_list":["post-19","page","type-page","status-publish","hentry"],"_links":{"self":[{"href":"https:\/\/albertinavazquez.com.ar\/index.php?rest_route=\/wp\/v2\/pages\/19","targetHints":{"allow":["GET"]}}],"collection":[{"href":"https:\/\/albertinavazquez.com.ar\/index.php?rest_route=\/wp\/v2\/pages"}],"about":[{"href":"https:\/\/albertinavazquez.com.ar\/index.php?rest_route=\/wp\/v2\/types\/page"}],"author":[{"embeddable":true,"href":"https:\/\/albertinavazquez.com.ar\/index.php?rest_route=\/wp\/v2\/users\/1"}],"replies":[{"embeddable":true,"href":"https:\/\/albertinavazquez.com.ar\/index.php?rest_route=%2Fwp%2Fv2%2Fcomments&post=19"}],"version-history":[{"count":21,"href":"https:\/\/albertinavazquez.com.ar\/index.php?rest_route=\/wp\/v2\/pages\/19\/revisions"}],"predecessor-version":[{"id":155,"href":"https:\/\/albertinavazquez.com.ar\/index.php?rest_route=\/wp\/v2\/pages\/19\/revisions\/155"}],"wp:attachment":[{"href":"https:\/\/albertinavazquez.com.ar\/index.php?rest_route=%2Fwp%2Fv2%2Fmedia&parent=19"}],"curies":[{"name":"wp","href":"https:\/\/api.w.org\/{rel}","templated":true}]}}